{"id":467,"date":"2021-09-05T14:28:05","date_gmt":"2021-09-05T12:28:05","guid":{"rendered":"https:\/\/epicurean.iditravel.com\/?post_type=product&#038;p=467"},"modified":"2021-10-03T09:29:49","modified_gmt":"2021-10-03T07:29:49","slug":"selezione-di-tre-vini","status":"publish","type":"product","link":"https:\/\/epicurean.iditravel.com\/index.php\/prodotto\/selezione-di-tre-vini\/","title":{"rendered":"Selezione di tre Vini"},"content":{"rendered":"<p><strong>Vicario Chianti Classico 2018<\/strong><\/p>\n<p>Descrizione Vino:<br \/>\nLe uve scelte del Sangiovese grosso provengono da vigneti di oltre quindici anni fa coltivati su terreno collinare ad un\u2019altitudine di 500m s.l.m. Il colore \u00e8 un profondo rosso rubino tendente al granato con l&#8217;et\u00e0. Ha un bouquet intenso e fruttato con un leggero sentore di viola. Il suo armonico, asciutto, sapido e leggermente tannico sapore \u00e8 diventato morbido e vellutato con il tempo. Eccellente con tutti i tipi di cibo, eccezionale con il risotto ai funghi, carne arrosto, cannelloni, stufati di carne e castagne.<\/p>\n<p>Area di Produzione:<br \/>\nUna delle prime regioni vinicole in tutto il mondo ad essere ufficialmente riconosciuta e delimitata, il Chianti Classico \u00e8 oggi quello che originariamente veniva definito semplicemente come Chianti.<\/p>\n<p>Gi\u00e0 identificato all&#8217;inizio del XVIII secolo come una zona superiore, il nome ufficiale del Chianti fu proclamato nell&#8217;area circostante i comuni di Castellina, Radda e Gaiole, appena a nord di Siena, da Cosimo III, Granduca di Toscana in un decreto ufficiale in 1716.<\/p>\n<p>Uvaggio:<br \/>\nSangiovese e altre variet\u00e0 complementari.<\/p>\n<p><strong>Chianti &#8220;Crete Rosse&#8221; 2019<\/strong><\/p>\n<p>Descrizione Vino:<br \/>\nUve della variet\u00e0 del Sangiovese. Cresce sulle colline risalenti al Pliocene. Un vino di antiche origini, nativo dei territori che nel 1716, grazie al bando del Granduca di Toscana Cosimo III, vennero unificati in una zona vinicola chiamata Chianti. Fu solo in epoca medievale che il vino Chianti cominci\u00f2 ad essere identificati come da testimonianza storica di un commerciante, Francesco Datino di Prato (1383-1410), nelle sue lettere mercantili. Il suo profumo \u00e8 intenso e fruttato e il sapore \u00e8 austero, corposo e saporito e leggermente tannico, che con la raffinazione ha ottenuto una consistenza liscia e vellutata. Questo vino va bene con arrosti di selvaggina e carni rosse e formaggi piccanti, pasta e risotto con rag\u00f9 di carne.<\/p>\n<p>Area di Produzione:<br \/>\n\u00c8 situata al centro della Toscana e comprende parte del territorio delle province di Siena e Firenze. La regione, con la sua eterogeneit\u00e0 di paesaggi che si dispiegano dagli Appennini fino all\u2019orizzonte del Mar Tirreno, rappresenta un unicum per biodiversit\u00e0 ed eclettismo produttivo.<br \/>\nQuesto ambiente unico per conformazione e cultura, plasmato dal lavoro dell\u2019uomo, attraversato da dolci colline a grandi terrazze, da vallate e da fiumi, con vigneti erti e punteggiato di olivi e boschi, \u00e8 diventato simbolo stesso di toscanit\u00e0.<br \/>\nDal punto di vista geologico il territorio del Chianti, pu\u00f2 essere suddiviso in quattro sistemi, in ordine di et\u00e0 di formazione decrescente: dorsali preappenniniche mio-eoceniche, le colline plioceniche, la conca intermontana del Valdarno Superiore con i depositi pleistocenici, ed i depositi alluvionali.<\/p>\n<p>Uvaggio:<br \/>\nSangiovese e altre variet\u00e0 complementari.<\/p>\n<p><strong>Brunello di Montalcino 2015 DOCG<\/strong><\/p>\n<p>Descrizione Vino:<br \/>\nQuesto vino \u00e8 ottenuto esclusivamente da uve di Sangiovese, chiamate &#8220;Brunello&#8221;, coltivate in zone collinari con buona esposizione ad un\u2019altitudine di 400m s.l.m. sul terreno che risale al periodo Eocenico. Nel corso degli anni ha gradualmente acquisito maggior fragranza, pi\u00f9 sapore vellutato, una maggiore armonia e un delicato bouquet intenso e fruttato. Il suo colore \u00e8 di un rosso rubino intenso che tende al granato con l&#8217;invecchiamento. Ha una forte personalit\u00e0 con un gusto secco, pieno, morbido e ben equilibrato. Ottimo con piatti a base di pasta farcita con salse fatte dal cinghiale e con la carne di pollame o gli arrosti come la bistecca alla fiorentina, Inoltre eccezionalmente buono con i formaggi piccanti.<\/p>\n<p>La vendemmia 2015 \u00e8 risultata di scarsa quantit\u00e0 a causa del tempo inclemente. Sono proliferati funghi e malattie varie. Abbiamo dovuto investire maggiormente nella cura dei vigneti, affrontando maggiori spese al fine di raccogliere comunque un ottimo prodotto.<\/p>\n<p>Area di Produzione:<br \/>\nMontalcino in provincia di Siena, famosa per la sua storia e bellezze naturali e artistiche. Il Brunello di Montalcino \u00e8 uno dei vini pi\u00f9 famosi e prestigiosi d&#8217;Italia. I regolamenti DOCG impongono che i vigneti del Brunello siano piantati su colline con una buona esposizione al sole, ad altitudini non superiori a 600 metri (1968 piedi). Questo limite ha lo scopo di garantire che le uve raggiungano la maturit\u00e0 e il sapore ottimali prima di essere raccolte.<\/p>\n<p>Uvaggio:<br \/>\nIl Brunello di Montalcino \u00e8 prodotto esclusivamente con uve Sangiovese Grosso, coltivate sulle pendici intorno a Montalcino. Il Sangiovese Grosso \u00e8 la forma a bacca grande del normale Sangiovese. Il suo nome significa &#8220;piccolo e scura&#8221;. L&#8217;uso del &#8220;grosso&#8221; (grande) e la sua inclusione nel nome del vino \u00e8 utile per differenziare questo vino dal Chianti.<\/p>\n<p>&nbsp;<\/p>\n<hr \/>\n<div class='content-column one_third'><p><span style=\"color: #ff0000;\"><strong>Vicario Chianti Classico<\/strong><\/span><\/p>\n<p>Annata: 2018<\/p>\n<p>Denominazione: Chianti Classico DOCG<\/p>\n<p>Uvaggio: Sangiovese Grosso e altre variet\u00e0 di uve<\/p>\n<p>Alcol: 12.5%<\/p>\n<p>Invecchiamento: 1 anno in acciaio<\/p>\n<p>Formato: 750ml<\/p>\n<p>Tipologia: Vino fermo rosso<\/p>\n<p>Temperatura di servizio: 16\/18 \u00b0C<\/p>\n<p>Abbinamento: Pollame, selvaggina e formaggi stagionati. Ottimo con pasta e rag\u00f9 di carne.<\/p>\n<p>Allergeni: Contiene Solfiti nei limiti di legge<\/p><\/div>\n<div class='content-column one_third'><p><span style=\"color: #ff0000;\"><strong>Chianti &#8220;Crete Rosse&#8221;<\/strong><\/span><\/p>\n<p>Annata: 2019<\/p>\n<p>Denominazione: Chianti DOCG<\/p>\n<p>Uvaggio: Sangiovese e altre variet\u00e0 complementari<\/p>\n<p>Alcol: 12%<\/p>\n<p>Formato: 750ml<\/p>\n<p>Tipologia: Vino fermo rosso<\/p>\n<p>Temperatura di servizio: 16\/18 \u00b0C<\/p>\n<p>Abbinamento: Pollame, selvaggina e formaggi stagionati. Ottimo con pasta e rag\u00f9 di carne.<\/p>\n<p>Allergeni: Contiene Solfiti nei limiti di legge<\/p><\/div>\n<div class='content-column one_third last_column'><p><strong><span style=\"color: #ff0000;\">Brunello di Montalcino\u00a0 DOCG<\/span> <\/strong><\/p>\n<p>Annata: 2015<\/p>\n<p>Denominazione: Brunello di Montalcino DOCG<\/p>\n<p>Uvaggio: Sangiovese<\/p>\n<p>Alcol: 14.5%<\/p>\n<p>Invecchiamento: 80% in botti di rovere francese e 20% in barriques di rovere francese per 2 anni<\/p>\n<p>Formato: 750ml<\/p>\n<p>Tipologia: Vino fermo rosso<\/p>\n<p>Temperatura di servizio: 16\/18 \u00b0C<\/p>\n<p>Abbinamento: Pasta, arrosti, bistecca alla fiorentina, formaggi.<\/p>\n<p>Allergeni: Contiene Solfiti nei limiti di legge<\/p><\/div><div class='clear_column'><\/div>\n","protected":false},"excerpt":{"rendered":"<p>Vicario Chianti Classico\u00a0 &#8211; 2018<\/p>\n<p>Chianti &#8220;Crete Rosse&#8221; &#8211;\u00a0 2019<\/p>\n<p>Brunello di Montalcino\u00a0 DOCG &#8211; 2015<\/p>\n<p>(spedizione inclusa)<\/p>\n","protected":false},"featured_media":494,"comment_status":"open","ping_status":"closed","template":"","meta":[],"product_cat":[17,16],"product_tag":[],"class_list":["post-467","product","type-product","status-publish","has-post-thumbnail","hentry","product_cat-italia","product_cat-usa"],"_links":{"self":[{"href":"https:\/\/epicurean.iditravel.com\/index.php\/wp-json\/wp\/v2\/product\/467","targetHints":{"allow":["GET"]}}],"collection":[{"href":"https:\/\/epicurean.iditravel.com\/index.php\/wp-json\/wp\/v2\/product"}],"about":[{"href":"https:\/\/epicurean.iditravel.com\/index.php\/wp-json\/wp\/v2\/types\/product"}],"replies":[{"embeddable":true,"href":"https:\/\/epicurean.iditravel.com\/index.php\/wp-json\/wp\/v2\/comments?post=467"}],"wp:featuredmedia":[{"embeddable":true,"href":"https:\/\/epicurean.iditravel.com\/index.php\/wp-json\/wp\/v2\/media\/494"}],"wp:attachment":[{"href":"https:\/\/epicurean.iditravel.com\/index.php\/wp-json\/wp\/v2\/media?parent=467"}],"wp:term":[{"taxonomy":"product_cat","embeddable":true,"href":"https:\/\/epicurean.iditravel.com\/index.php\/wp-json\/wp\/v2\/product_cat?post=467"},{"taxonomy":"product_tag","embeddable":true,"href":"https:\/\/epicurean.iditravel.com\/index.php\/wp-json\/wp\/v2\/product_tag?post=467"}],"curies":[{"name":"wp","href":"https:\/\/api.w.org\/{rel}","templated":true}]}}