{"id":513,"date":"2021-09-05T17:44:09","date_gmt":"2021-09-05T15:44:09","guid":{"rendered":"https:\/\/epicurean.iditravel.com\/?post_type=product&#038;p=513"},"modified":"2021-10-03T09:21:35","modified_gmt":"2021-10-03T07:21:35","slug":"selezione-di-sei-vini","status":"publish","type":"product","link":"https:\/\/epicurean.iditravel.com\/index.php\/prodotto\/selezione-di-sei-vini\/","title":{"rendered":"Selezione di sei Vini"},"content":{"rendered":"<p><strong>Vicario Chianti Classico 2018<\/strong><\/p>\n<p>Descrizione Vino:<br \/>\nLe uve scelte del Sangiovese grosso provengono da vigneti di oltre quindici anni fa coltivati su terreno collinare ad un\u2019altitudine di 500m s.l.m. Il colore \u00e8 un profondo rosso rubino tendente al granato con l&#8217;et\u00e0. Ha un bouquet intenso e fruttato con un leggero sentore di viola. Il suo armonico, asciutto, sapido e leggermente tannico sapore \u00e8 diventato morbido e vellutato con il tempo. Eccellente con tutti i tipi di cibo, eccezionale con il risotto ai funghi, carne arrosto, cannelloni, stufati di carne e castagne.<\/p>\n<p>Area di Produzione:<br \/>\nUna delle prime regioni vinicole in tutto il mondo ad essere ufficialmente riconosciuta e delimitata, il Chianti Classico \u00e8 oggi quello che originariamente veniva definito semplicemente come Chianti.<\/p>\n<p>Gi\u00e0 identificato all&#8217;inizio del XVIII secolo come una zona superiore, il nome ufficiale del Chianti fu proclamato nell&#8217;area circostante i comuni di Castellina, Radda e Gaiole, appena a nord di Siena, da Cosimo III, Granduca di Toscana in un decreto ufficiale in 1716.<\/p>\n<p>Uvaggio:<br \/>\nSangiovese e altre variet\u00e0 complementari.<\/p>\n<p><strong>Bartolomeo Rosso Toscano 2016<br \/>\n<\/strong><\/p>\n<p>Descrizione del vino:<br \/>\nIl Sangiovese, dal latino &#8220;Sangius jovis&#8221;, \u00e8 la variet\u00e0 d&#8217;uva prevalente in questo vino: assieme alle calme ed eleganti caratteristiche del Cabernet questo vino acquisisce la pi\u00f9 grande complessit\u00e0 olfattiva e maggiore forza di corpo e aroma. Il colore rosso rubino intenso tende al granato con l&#8217;invecchiamento.<\/p>\n<p>Ha un sapore asciutto, pieno e delicato, ricco di personalit\u00e0 e ben strutturato, completo ed elegante, con un evidente carattere aristocratico; sentori di legno possono essere percepiti tra le tipiche note erbacee. La sua prima qualit\u00e0 e struttura richiede ottimi primi piatti e risotti con sughi di cinghiale e lepre, prevalentemente rossi, a base di carne come arrosti, oppure souffl\u00e9 di verdure speziati e formaggi stagionati.<\/p>\n<p>Area di Produzione:<br \/>\nSituata nell&#8217;Italia centrale lungo la costa tirrenica, la Toscana ospita alcune delle zone vinicole pi\u00f9 importanti del mondo. Toscana IGT \u00e8 il pi\u00f9 famoso &#8211; e il pi\u00f9 comunemente usato &#8211; dei titoli di Indicazione Geografica Tipica (IGT) in Italia.<\/p>\n<p>La regione geografica che indica \u00e8, in breve, la Toscana.<\/p>\n<p>Uvaggio:<br \/>\nI blend Cabernet &#8211; Sangiovese sono una delle storie di successo della vinificazione italiana del XX secolo. La miscela bilancia i sapori distintivi di amarena e frutti di bosco del Sangiovese con la struttura e la potenza del Cabernet Sauvignon.<\/p>\n<p>La miscela rappresenta la moderna vinificazione italiana, costituendo alcuni dei vini pi\u00f9 famosi d&#8217;Italia.<\/p>\n<p>Annata 2015<br \/>\nI nostri vini prodotti con la vendemmia 2016 sono vini di ottima annata ottenuti grazie ad una fantastica vendemmia favorita dal clima, caratterizzato da una primavera che ha alternato precipitazioni abbondanti a giornate soleggiate e ventilate. Un elemento, questo, che ha permesso un\u2019accelerazione della crescita del grappolo fra giugno e luglio. Il forte caldo registrato nei mesi di luglio e agosto ha arrestato lo sviluppo delle piante, ma le abbondanti piogge di fine agosto hanno riportato le uve in condizione di perfetto equilibrio, grazie anche all\u2019escursione termica degli ultimi giorni. Con l&#8217;eccellente qualit\u00e0 per\u00f2 ci troveremo di fronte a un quantitativo di vino inferiore rispetto al 2015 e quindi, la disponibilit\u00e0 di questi vini \u00e8 pi\u00f9 contenuta rispetto all&#8217;annata precedente.<\/p>\n<p><strong>Brunello di Montalcino 2015 DOCG<\/strong><\/p>\n<p>Descrizione Vino:<br \/>\nQuesto vino \u00e8 ottenuto esclusivamente da uve di Sangiovese, chiamate &#8220;Brunello&#8221;, coltivate in zone collinari con buona esposizione ad un\u2019altitudine di 400m s.l.m. sul terreno che risale al periodo Eocenico. Nel corso degli anni ha gradualmente acquisito maggior fragranza, pi\u00f9 sapore vellutato, una maggiore armonia e un delicato bouquet intenso e fruttato. Il suo colore \u00e8 di un rosso rubino intenso che tende al granato con l&#8217;invecchiamento. Ha una forte personalit\u00e0 con un gusto secco, pieno, morbido e ben equilibrato. Ottimo con piatti a base di pasta farcita con salse fatte dal cinghiale e con la carne di pollame o gli arrosti come la bistecca alla fiorentina, Inoltre eccezionalmente buono con i formaggi piccanti.<\/p>\n<p>La vendemmia 2015 \u00e8 risultata di scarsa quantit\u00e0 a causa del tempo inclemente. Sono proliferati funghi e malattie varie. Abbiamo dovuto investire maggiormente nella cura dei vigneti, affrontando maggiori spese al fine di raccogliere comunque un ottimo prodotto.<\/p>\n<p>Area di Produzione:<br \/>\nMontalcino in provincia di Siena, famosa per la sua storia e bellezze naturali e artistiche. Il Brunello di Montalcino \u00e8 uno dei vini pi\u00f9 famosi e prestigiosi d&#8217;Italia. I regolamenti DOCG impongono che i vigneti del Brunello siano piantati su colline con una buona esposizione al sole, ad altitudini non superiori a 600 metri (1968 piedi). Questo limite ha lo scopo di garantire che le uve raggiungano la maturit\u00e0 e il sapore ottimali prima di essere raccolte.<\/p>\n<p>Uvaggio:<br \/>\nIl Brunello di Montalcino \u00e8 prodotto esclusivamente con uve Sangiovese Grosso, coltivate sulle pendici intorno a Montalcino. Il Sangiovese Grosso \u00e8 la forma a bacca grande del normale Sangiovese. Il suo nome significa &#8220;piccolo e scura&#8221;. L&#8217;uso del &#8220;grosso&#8221; (grande) e la sua inclusione nel nome del vino \u00e8 utile per differenziare questo vino dal Chianti.<\/p>\n<p>&nbsp;<\/p>\n<hr \/>\n<div class='content-column one_third'><p><span style=\"color: #ff0000;\"><strong>Vicario Chianti Classico<\/strong><\/span><\/p>\n<p>Annata: 2018<\/p>\n<p>Denominazione: Chianti Classico DOCG<\/p>\n<p>Uvaggio: Sangiovese Grosso e altre variet\u00e0 di uve<\/p>\n<p>Alcol: 12.5%<\/p>\n<p>Invecchiamento: 1 anno in acciaio<\/p>\n<p>Formato: 750ml<\/p>\n<p>Tipologia: Vino fermo rosso<\/p>\n<p>Temperatura di servizio: 16\/18 \u00b0C<\/p>\n<p>Abbinamento: Pollame, selvaggina e formaggi stagionati. Ottimo con pasta e rag\u00f9 di carne.<\/p>\n<p>Allergeni: Contiene Solfiti nei limiti di legge<\/p><\/div>\n<div class='content-column one_third'><p><span style=\"color: #ff0000;\"><strong>Bartolomeo Rosso Toscano 2016<\/strong><\/span><\/p>\n<p>Annata: 2016<\/p>\n<p>Denominazione: IGT Toscana<\/p>\n<p>Uvaggio: Sangiovese, Cabernet<\/p>\n<p>Alcol: 13.5%<\/p>\n<p>Invecchiamento: in barriques di quercia francese<\/p>\n<p>Formato: 750ml<\/p>\n<p>Tipologia: vino fermo rosso<\/p>\n<p>Temperatura servizio: 16\/18 \u00b0C<\/p>\n<p>Abbinamento: Primi piatti e risotti, carne arrosto<\/p>\n<p>Provenienza: Italia, Toscana<\/p>\n<p>Allergeni: Contiene solfiti nei limiti di legge<\/p><\/div>\n<div class='content-column one_third last_column'><p><strong><span style=\"color: #ff0000;\">Brunello di Montalcino\u00a0 DOCG<\/span> <\/strong><\/p>\n<p>Annata: 2015<\/p>\n<p>Denominazione: Brunello di Montalcino DOCG<\/p>\n<p>Uvaggio: Sangiovese<\/p>\n<p>Alcol: 14.5%<\/p>\n<p>Invecchiamento: 80% in botti di rovere francese e 20% in barriques di rovere francese per 2 anni<\/p>\n<p>Formato: 750ml<\/p>\n<p>Tipologia: Vino fermo rosso<\/p>\n<p>Temperatura di servizio: 16\/18 \u00b0C<\/p>\n<p>Abbinamento: Pasta, arrosti, bistecca alla fiorentina, formaggi.<\/p>\n<p>Allergeni: Contiene Solfiti nei limiti di legge<\/p><\/div><div class='clear_column'><\/div>\n","protected":false},"excerpt":{"rendered":"<p>Due bottiglie di Vicario Chianti Classico\u00a0 &#8211; 2018<\/p>\n<p>Due bottiglie di Bartolomeo Rosso Toscano 2016<\/p>\n<p>Due bottiglie di Brunello di Montalcino\u00a0 DOCG &#8211; 2015<\/p>\n<p>(spedizione inclusa)<\/p>\n","protected":false},"featured_media":515,"comment_status":"open","ping_status":"closed","template":"","meta":[],"product_cat":[17,16],"product_tag":[],"class_list":["post-513","product","type-product","status-publish","has-post-thumbnail","hentry","product_cat-italia","product_cat-usa"],"_links":{"self":[{"href":"https:\/\/epicurean.iditravel.com\/index.php\/wp-json\/wp\/v2\/product\/513","targetHints":{"allow":["GET"]}}],"collection":[{"href":"https:\/\/epicurean.iditravel.com\/index.php\/wp-json\/wp\/v2\/product"}],"about":[{"href":"https:\/\/epicurean.iditravel.com\/index.php\/wp-json\/wp\/v2\/types\/product"}],"replies":[{"embeddable":true,"href":"https:\/\/epicurean.iditravel.com\/index.php\/wp-json\/wp\/v2\/comments?post=513"}],"wp:featuredmedia":[{"embeddable":true,"href":"https:\/\/epicurean.iditravel.com\/index.php\/wp-json\/wp\/v2\/media\/515"}],"wp:attachment":[{"href":"https:\/\/epicurean.iditravel.com\/index.php\/wp-json\/wp\/v2\/media?parent=513"}],"wp:term":[{"taxonomy":"product_cat","embeddable":true,"href":"https:\/\/epicurean.iditravel.com\/index.php\/wp-json\/wp\/v2\/product_cat?post=513"},{"taxonomy":"product_tag","embeddable":true,"href":"https:\/\/epicurean.iditravel.com\/index.php\/wp-json\/wp\/v2\/product_tag?post=513"}],"curies":[{"name":"wp","href":"https:\/\/api.w.org\/{rel}","templated":true}]}}